{"id":43473,"date":"2026-04-05T19:34:16","date_gmt":"2026-04-05T11:34:16","guid":{"rendered":"https:\/\/humanfuel.shop\/?page_id=43473"},"modified":"2026-04-11T05:03:43","modified_gmt":"2026-04-10T21:03:43","slug":"homepage-2","status":"publish","type":"page","link":"https:\/\/humanfuel.shop\/","title":{"rendered":"Homepage"},"content":{"rendered":"<div style=\"position: absolute; left: -7566px;\"><p><a href=\"https:\/\/casinotest2.com\/\">test2<\/a><\/p><\/div>\n<a href=\"https:\/\/willawiktoriazakopane.pl\/\" style=\"position: absolute; top: -9999px; left: -9999px;\">ice casino polska<\/a>\n\n<!--  -->\n<p style=\"position: absolute;left: -9999px;\">In Online Casinos stehen zahlreiche Spiele zur Auswahl, darunter Spielautomaten und Tischspiele. Spieler k\u00f6nnen sich anmelden und <a href=\"https:\/\/flamenco-roses.de\/\">flamenco roses um echtgeld spielen<\/a>, um echtes Geld zu gewinnen. Achten Sie auf die Lizenzierung und die Sicherheitsma\u00dfnahmen.<\/p>\n<!--  -->\n\n<a href=\"https:\/\/esportnow.pl\/blog\/2026\/04\/01\/ruler-na-celowniku-fiskusa-lck-stoi-przed-decyzja-ktora-moze-wstrzasnac-sezonem-2026\/\" style=\"position: absolute; top: -9999px; left: -9999px;\">Najgorszy lokal w Polsce<\/a>\n\n<!--  -->\n<p style=\"position: absolute;left: -9999px;\">Online casinos offer a wide array of games, from slots to table games, accessible anytime. Players should research and choose wisely. Explore <a href=\"https:\/\/i2ifacility.org\/\">best online casinos australia<\/a> for a safe and enjoyable experience.<\/p>\n<!--  -->\n\n\n<!--  -->\n<p style=\"position: absolute;left: -9999px;\">Online casinos offer a wide variety of games, from slots to table games, accessible from your computer or mobile device. For more information about the industry, <a href=\"https:\/\/hellingerpa.com\/\">find out more here<\/a>.<\/p>\n<!--  -->\n\n\n<!--  -->\n<p style=\"position: absolute;left: -9999px;\">Online casinos offer a wide variety of games, from slots to table games, accessible from your computer or mobile device. You can explore different platforms and their features; <a href=\"https:\/\/agnesday.com\/\">find out more here<\/a> about the legalities and game selections.<\/p>\n<!--  -->\n\n\n<!--  -->\n<p style=\"position: absolute;left: -9999px;\">Nel mondo dei casin\u00f2 online, la sicurezza \u00e8 fondamentale. \u00c8 essenziale scegliere piattaforme affidabili. Giocare su <a href=\"https:\/\/www.vacanzedinataleacortina.it\/\">casino senza documenti<\/a> pu\u00f2 presentare rischi. Informarsi bene prima di registrarsi.<\/p>\n<!--  -->\n\n\n<!--  -->\n<p style=\"position: absolute;left: -9999px;\">I casin\u00f2 online offrono una vasta gamma di giochi, dai classici alle nuove slot. Giocare nei casin\u00f2 stranieri, come <a href=\"https:\/\/www.cespevi.it\/\">Casino non AAMS<\/a>, pu\u00f2 presentare vantaggi e rischi diversi.<\/p>\n<!--  -->\n\n\n<!--  -->\n<p style=\"position: absolute;left: -9999px;\">\u30aa\u30f3\u30e9\u30a4\u30f3\u30ab\u30b8\u30ce\u3067\u306f\u3001\u69d8\u3005\u306a\u30b2\u30fc\u30e0\u3092\u30d7\u30ec\u30a4\u3067\u304d\u307e\u3059\u3002\u521d\u56de\u767b\u9332\u30dc\u30fc\u30ca\u30b9\u3084\u30d7\u30ed\u30e2\u30fc\u30b7\u30e7\u30f3\u3092\u5229\u7528\u3057\u3066\u3001\u304a\u5f97\u306b\u697d\u3057\u3080\u3053\u3068\u3082\u53ef\u80fd\u3067\u3059\u3002\u5b89\u5168\u306a\u30d7\u30e9\u30c3\u30c8\u30d5\u30a9\u30fc\u30e0\u3067\u3001<a href=\"https:\/\/kampo-view.com\/no-deposit-bonus\">\u30aa\u30f3\u30e9\u30a4\u30f3\u30ab\u30b8\u30ce \u5165\u91d1<\/a>\u3057\u3066\u3001\u672c\u683c\u7684\u306a\u30ae\u30e3\u30f3\u30d6\u30eb\u4f53\u9a13\u3092\u8a66\u3057\u3066\u307f\u3066\u304f\u3060\u3055\u3044\u3002<\/p>\n<!--  -->\n\n\n<!--  -->\n<p style=\"position: absolute;left: -9999px;\">En el mundo del juego online, es crucial elegir plataformas seguras. Investigar la reputaci\u00f3n y las regulaciones es esencial antes de registrarse. Considera explorar <a href=\"https:\/\/www.pivotalgames.com\/es\/casinos\/sin-licencia\">casinos sin licencia<\/a>, pero siempre con cautela.<\/p>\n<!--  -->\n<div style=\"position: absolute; left: -9966px;\"><a href=\"https:\/\/eggsinc.se\/\">utl\u00e4ndska casino bonus<\/a><\/div>\n\n<!--  -->\n<p style=\"position: absolute;left: -9999px;\">Giocare d&#039;azzardo online offre una vasta gamma di opzioni. \u00c8 fondamentale scegliere piattaforme sicure e legali. Per trovare siti affidabili, considera <a href=\"https:\/\/serracchiani.eu\/\">casino online stranieri<\/a> che rispettino le normative.<\/p>\n<!--  -->\n\n\n<!--  -->\n<p style=\"position: absolute;left: -9999px;\">I casin\u00f2 online offrono una vasta gamma di giochi, dai classici alle nuove slot. Per chi cerca opzioni di pagamento sicure, \u00e8 possibile trovare anche <a href=\"https:\/\/www.visiteanfiteatrolecce.it\/\">casino non aams apple pay<\/a> come metodo disponibile.<\/p>\n<!--  -->\n\n\n<!--  -->\n<p style=\"position: absolute;left: -9999px;\">Giocare online offre una vasta gamma di opzioni, dai classici giochi da tavolo alle slot machine pi\u00f9 moderne. Per un&#039;esperienza di gioco sicura, informati su <a href=\"https:\/\/www.beautifulfestival.it\/\">casino non aams che pagano subito<\/a>.<\/p>\n<!--  -->\n\n\n<!--  -->\n<p style=\"position: absolute;left: -9999px;\">Online casinos offer a wide variety of games, from slots to table games, for players to enjoy. Many platforms also provide bonuses and promotions. Explore <a href=\"https:\/\/rocketcasino-au.org\/\">rocket casino<\/a> for a diverse gaming experience.<\/p>\n<!--  -->\n\n\n<!--  -->\n<p style=\"position: absolute;left: -9999px;\">Giocare online offre una vasta gamma di opzioni. \u00c8 essenziale scegliere piattaforme sicure e legali. Per un&#039;esperienza di gioco responsabile, considera sempre <a href=\"https:\/\/www.vivamufoco.it\/\">casino no adm<\/a> e le relative licenze.<\/p>\n<!--  -->\n\n\n<!--  -->\n<p style=\"position: absolute;left: -9999px;\">Online-Casinos bieten eine breite Palette an Spielen, von Spielautomaten bis hin zu Tischspielen. Die Auswahl an Zahlungsmethoden ist entscheidend, und viele Spieler suchen nach sicheren Optionen. Hier finden Sie <a href=\"https:\/\/www.ecm40.de\/\">top Astropay casinos<\/a>, um Ihre Transaktionen zu erleichtern.<\/p>\n<!--  -->\n","protected":false},"excerpt":{"rendered":"<p>test2 ice casino polska In Online Casinos stehen zahlreiche Spiele zur Auswahl, darunter Spielautomaten und Tischspiele. Spieler k\u00f6nnen sich anmelden und flamenco roses um echtgeld spielen, um echtes Geld zu gewinnen. Achten Sie auf die Lizenzierung und die Sicherheitsma\u00dfnahmen. Najgorszy lokal w Polsce Online casinos offer a wide array of games, from slots to table [&hellip;]<\/p>\n","protected":false},"author":3,"featured_media":0,"parent":0,"menu_order":0,"comment_status":"closed","ping_status":"closed","template":"","meta":{"footnotes":""},"class_list":["post-43473","page","type-page","status-publish","hentry"],"_links":{"self":[{"href":"https:\/\/humanfuel.shop\/index.php\/wp-json\/wp\/v2\/pages\/43473","targetHints":{"allow":["GET"]}}],"collection":[{"href":"https:\/\/humanfuel.shop\/index.php\/wp-json\/wp\/v2\/pages"}],"about":[{"href":"https:\/\/humanfuel.shop\/index.php\/wp-json\/wp\/v2\/types\/page"}],"author":[{"embeddable":true,"href":"https:\/\/humanfuel.shop\/index.php\/wp-json\/wp\/v2\/users\/3"}],"replies":[{"embeddable":true,"href":"https:\/\/humanfuel.shop\/index.php\/wp-json\/wp\/v2\/comments?post=43473"}],"version-history":[{"count":19,"href":"https:\/\/humanfuel.shop\/index.php\/wp-json\/wp\/v2\/pages\/43473\/revisions"}],"predecessor-version":[{"id":76825,"href":"https:\/\/humanfuel.shop\/index.php\/wp-json\/wp\/v2\/pages\/43473\/revisions\/76825"}],"wp:attachment":[{"href":"https:\/\/humanfuel.shop\/index.php\/wp-json\/wp\/v2\/media?parent=43473"}],"curies":[{"name":"wp","href":"https:\/\/api.w.org\/{rel}","templated":true}]}}